{"id":204,"date":"2020-01-02T20:01:21","date_gmt":"2020-01-02T19:01:21","guid":{"rendered":"http:\/\/www.calmus.art\/?page_id=204"},"modified":"2021-03-18T20:55:27","modified_gmt":"2021-03-18T19:55:27","slug":"impressum","status":"publish","type":"page","link":"https:\/\/www.calmus.art\/index.php\/impressum\/","title":{"rendered":"Impressum"},"content":{"rendered":"\t\t<div data-elementor-type=\"wp-page\" data-elementor-id=\"204\" class=\"elementor elementor-204\" data-elementor-post-type=\"page\">\n\t\t\t\t\t\t<section class=\"elementor-section elementor-top-section elementor-element elementor-element-5cd86adc elementor-section-content-middle elementor-section-boxed elementor-section-height-default elementor-section-height-default\" data-id=\"5cd86adc\" data-element_type=\"section\" data-e-type=\"section\">\n\t\t\t\t\t\t<div class=\"elementor-container elementor-column-gap-no\">\n\t\t\t\t\t<div class=\"elementor-column elementor-col-50 elementor-top-column elementor-element elementor-element-1155a6fd\" data-id=\"1155a6fd\" data-element_type=\"column\" data-e-type=\"column\">\n\t\t\t<div class=\"elementor-widget-wrap elementor-element-populated\">\n\t\t\t\t\t\t<div class=\"elementor-element elementor-element-7f3df2da elementor-widget-divider--view-line elementor-widget elementor-widget-divider\" data-id=\"7f3df2da\" data-element_type=\"widget\" data-e-type=\"widget\" data-widget_type=\"divider.default\">\n\t\t\t\t<div class=\"elementor-widget-container\">\n\t\t\t\t\t\t\t<div class=\"elementor-divider\">\n\t\t\t<span class=\"elementor-divider-separator\">\n\t\t\t\t\t\t<\/span>\n\t\t<\/div>\n\t\t\t\t\t\t<\/div>\n\t\t\t\t<\/div>\n\t\t\t\t<div class=\"elementor-element elementor-element-28d11fc4 elementor-widget elementor-widget-heading\" data-id=\"28d11fc4\" data-element_type=\"widget\" data-e-type=\"widget\" data-widget_type=\"heading.default\">\n\t\t\t\t<div class=\"elementor-widget-container\">\n\t\t\t\t\t<h4 class=\"elementor-heading-title elementor-size-default\">Impressum<\/h4>\t\t\t\t<\/div>\n\t\t\t\t<\/div>\n\t\t\t\t\t<\/div>\n\t\t<\/div>\n\t\t\t\t<div class=\"elementor-column elementor-col-50 elementor-top-column elementor-element elementor-element-76cc3f6a\" data-id=\"76cc3f6a\" data-element_type=\"column\" data-e-type=\"column\">\n\t\t\t<div class=\"elementor-widget-wrap elementor-element-populated\">\n\t\t\t\t\t\t<div class=\"elementor-element elementor-element-65730fe5 elementor-widget elementor-widget-text-editor\" data-id=\"65730fe5\" data-element_type=\"widget\" data-e-type=\"widget\" data-widget_type=\"text-editor.default\">\n\t\t\t\t<div class=\"elementor-widget-container\">\n\t\t\t\t\t\t\t\t\t<section data-id=\"1a8f9d5\" data-element_type=\"section\"><div><div><div data-id=\"3272c60\" data-element_type=\"column\"><div><div><div data-id=\"ee1aad2\" data-element_type=\"widget\" data-widget_type=\"heading.default\"><div><h2>Anschrift:<\/h2><\/div><\/div><\/div><\/div><\/div><div data-id=\"0206214\" data-element_type=\"column\"><div><div><div data-id=\"b69b2a0\" data-element_type=\"widget\" data-widget_type=\"text-editor.default\"><div><div><p>Cezar Calmus<br \/>Bizetstr. 10\/12<br \/>13088 Berlin<\/p><table border=\"0\" cellspacing=\"0\" cellpadding=\"0\"><tbody><tr><td><p>Telefon:<\/p><\/td><td><p>\u00a00173 843 98 91<\/p><\/td><\/tr><\/tbody><\/table><p>E-Mail: info@calmus.art<br \/>URL: www.calmus.art<\/p><\/div><\/div><\/div><\/div><\/div><\/div><\/div><\/div><\/section><section data-id=\"56c5102\" data-element_type=\"section\"><div><div><div data-id=\"b6bc6f3\" data-element_type=\"column\"><div><div><div data-id=\"e16eb98\" data-element_type=\"widget\" data-widget_type=\"heading.default\"><div><h2>Copyright:<\/h2><\/div><\/div><\/div><\/div><\/div><div data-id=\"326e9a9\" data-element_type=\"column\"><div><div><div data-id=\"f465f19\" data-element_type=\"widget\" data-widget_type=\"text-editor.default\"><div><div><p>Das Layout der Homepage, die verwendeten Grafiken und Bilder und s\u00e4mtliche Inhalte sind urheberrechtlich gesch\u00fctzt. Alle Rechte der Vervielf\u00e4ltigung und der Verbreitung mittels besonderer Verfahren (zum Beispiel Datenverarbeitung, Datentr\u00e4ger und Datennetze) auch teilweise, beh\u00e4lt sich www.calmus.art vor.<\/p><\/div><\/div><\/div><\/div><\/div><\/div><\/div><\/div><\/section><section data-id=\"d0dd0f7\" data-element_type=\"section\"><div><div><div data-id=\"9838b27\" data-element_type=\"column\"><div><div><div data-id=\"5069526\" data-element_type=\"widget\" data-widget_type=\"heading.default\"><div><h2>Haftungshinweis:<\/h2><\/div><\/div><\/div><\/div><\/div><div data-id=\"60a48a0\" data-element_type=\"column\"><div><div><div data-id=\"5b7b0e8\" data-element_type=\"widget\" data-widget_type=\"text-editor.default\"><div><div><p>Trotz sorgf\u00e4ltiger inhaltlicher Kontrolle \u00fcbernehmen wir keine Haftung f\u00fcr die Inhalte externer Links. F\u00fcr den Inhalt der verlinkten Seiten sind ausschlie\u00dflich deren Betreiber verantwortlich.<\/p><\/div><\/div><\/div><\/div><\/div><\/div><\/div><\/div><\/section>\t\t\t\t\t\t\t\t<\/div>\n\t\t\t\t<\/div>\n\t\t\t\t\t<\/div>\n\t\t<\/div>\n\t\t\t\t\t<\/div>\n\t\t<\/section>\n\t\t\t\t<\/div>\n\t\t","protected":false},"excerpt":{"rendered":"<p>Impressum Anschrift: Cezar CalmusBizetstr. 10\/1213088 Berlin Telefon: \u00a00173 843 98 91 E-Mail: info@calmus.artURL: www.calmus.art Copyright: Das Layout der Homepage, die verwendeten Grafiken und Bilder und s\u00e4mtliche Inhalte sind urheberrechtlich gesch\u00fctzt. Alle Rechte der Vervielf\u00e4ltigung und der Verbreitung mittels besonderer Verfahren (zum Beispiel Datenverarbeitung, Datentr\u00e4ger und Datennetze) auch teilweise, beh\u00e4lt sich www.calmus.art vor. Haftungshinweis: Trotz sorgf\u00e4ltiger [&hellip;]<\/p>\n","protected":false},"author":1,"featured_media":0,"parent":0,"menu_order":0,"comment_status":"closed","ping_status":"closed","template":"","meta":{"footnotes":""},"class_list":["post-204","page","type-page","status-publish","hentry"],"_links":{"self":[{"href":"https:\/\/www.calmus.art\/index.php\/wp-json\/wp\/v2\/pages\/204","targetHints":{"allow":["GET"]}}],"collection":[{"href":"https:\/\/www.calmus.art\/index.php\/wp-json\/wp\/v2\/pages"}],"about":[{"href":"https:\/\/www.calmus.art\/index.php\/wp-json\/wp\/v2\/types\/page"}],"author":[{"embeddable":true,"href":"https:\/\/www.calmus.art\/index.php\/wp-json\/wp\/v2\/users\/1"}],"replies":[{"embeddable":true,"href":"https:\/\/www.calmus.art\/index.php\/wp-json\/wp\/v2\/comments?post=204"}],"version-history":[{"count":9,"href":"https:\/\/www.calmus.art\/index.php\/wp-json\/wp\/v2\/pages\/204\/revisions"}],"predecessor-version":[{"id":596,"href":"https:\/\/www.calmus.art\/index.php\/wp-json\/wp\/v2\/pages\/204\/revisions\/596"}],"wp:attachment":[{"href":"https:\/\/www.calmus.art\/index.php\/wp-json\/wp\/v2\/media?parent=204"}],"curies":[{"name":"wp","href":"https:\/\/api.w.org\/{rel}","templated":true}]}}