{"id":8,"date":"2019-12-06T14:33:18","date_gmt":"2019-12-06T13:33:18","guid":{"rendered":"http:\/\/www.calmus.art\/?page_id=8"},"modified":"2021-03-18T20:52:03","modified_gmt":"2021-03-18T19:52:03","slug":"home","status":"publish","type":"page","link":"https:\/\/www.calmus.art\/","title":{"rendered":"Home"},"content":{"rendered":"\t\t<div data-elementor-type=\"wp-page\" data-elementor-id=\"8\" class=\"elementor elementor-8\" data-elementor-post-type=\"page\">\n\t\t\t\t\t\t<section class=\"elementor-section elementor-top-section elementor-element elementor-element-383a126a elementor-section-full_width elementor-section-height-default elementor-section-height-default\" data-id=\"383a126a\" data-element_type=\"section\" data-e-type=\"section\">\n\t\t\t\t\t\t<div class=\"elementor-container elementor-column-gap-no\">\n\t\t\t\t\t<div class=\"elementor-column elementor-col-100 elementor-top-column elementor-element elementor-element-af41bc3\" data-id=\"af41bc3\" data-element_type=\"column\" data-e-type=\"column\">\n\t\t\t<div class=\"elementor-widget-wrap elementor-element-populated\">\n\t\t\t\t\t\t<div class=\"elementor-element elementor-element-90f7818 elementor-widget elementor-widget-menu-anchor\" data-id=\"90f7818\" data-element_type=\"widget\" data-e-type=\"widget\" data-widget_type=\"menu-anchor.default\">\n\t\t\t\t<div class=\"elementor-widget-container\">\n\t\t\t\t\t\t\t<div class=\"elementor-menu-anchor\" id=\"home\"><\/div>\n\t\t\t\t\t\t<\/div>\n\t\t\t\t<\/div>\n\t\t\t\t\t<\/div>\n\t\t<\/div>\n\t\t\t\t\t<\/div>\n\t\t<\/section>\n\t\t\t\t<section class=\"elementor-section elementor-top-section elementor-element elementor-element-749326eb elementor-section-content-middle elementor-section-boxed elementor-section-height-default elementor-section-height-default\" data-id=\"749326eb\" data-element_type=\"section\" data-e-type=\"section\" data-settings=\"{&quot;background_background&quot;:&quot;classic&quot;}\">\n\t\t\t\t\t\t<div class=\"elementor-container elementor-column-gap-default\">\n\t\t\t\t\t<div class=\"elementor-column elementor-col-100 elementor-top-column elementor-element elementor-element-7ff27b4\" data-id=\"7ff27b4\" data-element_type=\"column\" data-e-type=\"column\">\n\t\t\t<div class=\"elementor-widget-wrap\">\n\t\t\t\t\t\t\t<\/div>\n\t\t<\/div>\n\t\t\t\t\t<\/div>\n\t\t<\/section>\n\t\t\t\t<section class=\"elementor-section elementor-top-section elementor-element elementor-element-789b71ea elementor-section-content-middle elementor-section-boxed elementor-section-height-default elementor-section-height-default\" data-id=\"789b71ea\" data-element_type=\"section\" data-e-type=\"section\">\n\t\t\t\t\t\t<div class=\"elementor-container elementor-column-gap-no\">\n\t\t\t\t\t<div class=\"elementor-column elementor-col-33 elementor-top-column elementor-element elementor-element-61c7e798\" data-id=\"61c7e798\" data-element_type=\"column\" data-e-type=\"column\">\n\t\t\t<div class=\"elementor-widget-wrap elementor-element-populated\">\n\t\t\t\t\t\t<div class=\"elementor-element elementor-element-14bef784 elementor-widget elementor-widget-heading\" data-id=\"14bef784\" data-element_type=\"widget\" data-e-type=\"widget\" data-widget_type=\"heading.default\">\n\t\t\t\t<div class=\"elementor-widget-container\">\n\t\t\t\t\t<h3 class=\"elementor-heading-title elementor-size-default\">Kunst in allen Dimensionen<\/h3>\t\t\t\t<\/div>\n\t\t\t\t<\/div>\n\t\t\t\t<div class=\"elementor-element elementor-element-9c4ec70 elementor-widget-divider--view-line elementor-widget elementor-widget-divider\" data-id=\"9c4ec70\" data-element_type=\"widget\" data-e-type=\"widget\" data-widget_type=\"divider.default\">\n\t\t\t\t<div class=\"elementor-widget-container\">\n\t\t\t\t\t\t\t<div class=\"elementor-divider\">\n\t\t\t<span class=\"elementor-divider-separator\">\n\t\t\t\t\t\t<\/span>\n\t\t<\/div>\n\t\t\t\t\t\t<\/div>\n\t\t\t\t<\/div>\n\t\t\t\t\t<\/div>\n\t\t<\/div>\n\t\t\t\t<div class=\"elementor-column elementor-col-33 elementor-top-column elementor-element elementor-element-72f2a485\" data-id=\"72f2a485\" data-element_type=\"column\" data-e-type=\"column\">\n\t\t\t<div class=\"elementor-widget-wrap elementor-element-populated\">\n\t\t\t\t\t\t<div class=\"elementor-element elementor-element-2ef249e0 elementor-widget elementor-widget-image\" data-id=\"2ef249e0\" data-element_type=\"widget\" data-e-type=\"widget\" data-widget_type=\"image.default\">\n\t\t\t\t<div class=\"elementor-widget-container\">\n\t\t\t\t\t\t\t\t\t\t\t\t\t\t\t<img fetchpriority=\"high\" decoding=\"async\" width=\"1038\" height=\"1280\" src=\"https:\/\/www.calmus.art\/wp-content\/uploads\/2020\/05\/Autoportret-1038x1280-1.jpg\" class=\"elementor-animation-grow attachment-full size-full wp-image-320\" alt=\"Autoportret\" srcset=\"https:\/\/www.calmus.art\/wp-content\/uploads\/2020\/05\/Autoportret-1038x1280-1.jpg 1038w, https:\/\/www.calmus.art\/wp-content\/uploads\/2020\/05\/Autoportret-1038x1280-1-243x300.jpg 243w, https:\/\/www.calmus.art\/wp-content\/uploads\/2020\/05\/Autoportret-1038x1280-1-830x1024.jpg 830w, https:\/\/www.calmus.art\/wp-content\/uploads\/2020\/05\/Autoportret-1038x1280-1-768x947.jpg 768w\" sizes=\"(max-width: 1038px) 100vw, 1038px\" \/>\t\t\t\t\t\t\t\t\t\t\t\t\t\t\t<\/div>\n\t\t\t\t<\/div>\n\t\t\t\t<div class=\"elementor-element elementor-element-4c3f33dd elementor-widget elementor-widget-text-editor\" data-id=\"4c3f33dd\" data-element_type=\"widget\" data-e-type=\"widget\" data-widget_type=\"text-editor.default\">\n\t\t\t\t<div class=\"elementor-widget-container\">\n\t\t\t\t\t\t\t\t\t<p>Herzlich Willkommen auf meiner Internetseite!<\/p><p>Hier haben Sie einen kleinen Einblick in unseren Handgemalten Bildern.<\/p>\t\t\t\t\t\t\t\t<\/div>\n\t\t\t\t<\/div>\n\t\t\t\t\t<\/div>\n\t\t<\/div>\n\t\t\t\t<div class=\"elementor-column elementor-col-33 elementor-top-column elementor-element elementor-element-5be81006\" data-id=\"5be81006\" data-element_type=\"column\" data-e-type=\"column\">\n\t\t\t<div class=\"elementor-widget-wrap elementor-element-populated\">\n\t\t\t\t\t\t<div class=\"elementor-element elementor-element-7f35d527 elementor-widget elementor-widget-text-editor\" data-id=\"7f35d527\" data-element_type=\"widget\" data-e-type=\"widget\" data-widget_type=\"text-editor.default\">\n\t\t\t\t<div class=\"elementor-widget-container\">\n\t\t\t\t\t\t\t\t\t<p>Die Bilder\/Gem\u00e4lde werden Haupts\u00e4chlich in Acryl oder \u00d6l auf Leinwand gemalt.<\/p>\n<p>Gerne k\u00f6nnen Sie Bilder anfragen, bestellen oder auch W\u00fcnsche \u00e4u\u00dfern, wir bem\u00fchen uns Ihre Anfragen schnellst m\u00f6glich zu bearbeiten und Ihnen einen fairen Preis anzubieten.<\/p><br>\t\t\t\t\t\t\t\t<\/div>\n\t\t\t\t<\/div>\n\t\t\t\t<div class=\"elementor-element elementor-element-47158b37 elementor-widget elementor-widget-image\" data-id=\"47158b37\" data-element_type=\"widget\" data-e-type=\"widget\" data-widget_type=\"image.default\">\n\t\t\t\t<div class=\"elementor-widget-container\">\n\t\t\t\t\t\t\t\t\t\t\t\t\t\t\t<img decoding=\"async\" width=\"1914\" height=\"2560\" src=\"https:\/\/www.calmus.art\/wp-content\/uploads\/2020\/01\/Coif-Gladiator.-Acril-pe-panza-manierea-cutitX-scaled.jpg\" class=\"elementor-animation-grow attachment-full size-full wp-image-171\" alt=\"\" srcset=\"https:\/\/www.calmus.art\/wp-content\/uploads\/2020\/01\/Coif-Gladiator.-Acril-pe-panza-manierea-cutitX-scaled.jpg 1914w, https:\/\/www.calmus.art\/wp-content\/uploads\/2020\/01\/Coif-Gladiator.-Acril-pe-panza-manierea-cutitX-224x300.jpg 224w, https:\/\/www.calmus.art\/wp-content\/uploads\/2020\/01\/Coif-Gladiator.-Acril-pe-panza-manierea-cutitX-765x1024.jpg 765w, https:\/\/www.calmus.art\/wp-content\/uploads\/2020\/01\/Coif-Gladiator.-Acril-pe-panza-manierea-cutitX-768x1027.jpg 768w, https:\/\/www.calmus.art\/wp-content\/uploads\/2020\/01\/Coif-Gladiator.-Acril-pe-panza-manierea-cutitX-1148x1536.jpg 1148w, https:\/\/www.calmus.art\/wp-content\/uploads\/2020\/01\/Coif-Gladiator.-Acril-pe-panza-manierea-cutitX-1531x2048.jpg 1531w\" sizes=\"(max-width: 1914px) 100vw, 1914px\" \/>\t\t\t\t\t\t\t\t\t\t\t\t\t\t\t<\/div>\n\t\t\t\t<\/div>\n\t\t\t\t\t<\/div>\n\t\t<\/div>\n\t\t\t\t\t<\/div>\n\t\t<\/section>\n\t\t\t\t<\/div>\n\t\t","protected":false},"excerpt":{"rendered":"<p>Kunst in allen Dimensionen Herzlich Willkommen auf meiner Internetseite! Hier haben Sie einen kleinen Einblick in unseren Handgemalten Bildern. Die Bilder\/Gem\u00e4lde werden Haupts\u00e4chlich in Acryl oder \u00d6l auf Leinwand gemalt. Gerne k\u00f6nnen Sie Bilder anfragen, bestellen oder auch W\u00fcnsche \u00e4u\u00dfern, wir bem\u00fchen uns Ihre Anfragen schnellst m\u00f6glich zu bearbeiten und Ihnen einen fairen Preis anzubieten.<\/p>\n","protected":false},"author":1,"featured_media":0,"parent":0,"menu_order":0,"comment_status":"closed","ping_status":"closed","template":"","meta":{"footnotes":""},"class_list":["post-8","page","type-page","status-publish","hentry"],"_links":{"self":[{"href":"https:\/\/www.calmus.art\/index.php\/wp-json\/wp\/v2\/pages\/8","targetHints":{"allow":["GET"]}}],"collection":[{"href":"https:\/\/www.calmus.art\/index.php\/wp-json\/wp\/v2\/pages"}],"about":[{"href":"https:\/\/www.calmus.art\/index.php\/wp-json\/wp\/v2\/types\/page"}],"author":[{"embeddable":true,"href":"https:\/\/www.calmus.art\/index.php\/wp-json\/wp\/v2\/users\/1"}],"replies":[{"embeddable":true,"href":"https:\/\/www.calmus.art\/index.php\/wp-json\/wp\/v2\/comments?post=8"}],"version-history":[{"count":31,"href":"https:\/\/www.calmus.art\/index.php\/wp-json\/wp\/v2\/pages\/8\/revisions"}],"predecessor-version":[{"id":595,"href":"https:\/\/www.calmus.art\/index.php\/wp-json\/wp\/v2\/pages\/8\/revisions\/595"}],"wp:attachment":[{"href":"https:\/\/www.calmus.art\/index.php\/wp-json\/wp\/v2\/media?parent=8"}],"curies":[{"name":"wp","href":"https:\/\/api.w.org\/{rel}","templated":true}]}}